{"id":2461,"date":"2025-05-02T17:39:39","date_gmt":"2025-05-02T10:39:39","guid":{"rendered":"https:\/\/sataglobal.com.vn\/?page_id=2461"},"modified":"2025-05-05T02:59:44","modified_gmt":"2025-05-04T19:59:44","slug":"y-nghia-cua-logo-sata","status":"publish","type":"page","link":"https:\/\/sataglobal.com.vn\/en\/y-nghia-cua-logo-sata\/","title":{"rendered":"Meaning of SATA logo"},"content":{"rendered":"<div data-elementor-type=\"wp-page\" data-elementor-id=\"2461\" class=\"elementor elementor-2461\">\n\t\t\t\t<div class=\"elementor-element elementor-element-bb945f5 e-flex e-con-boxed e-con e-parent\" data-id=\"bb945f5\" data-element_type=\"container\" data-e-type=\"container\">\n\t\t\t\t\t<div class=\"e-con-inner\">\n\t\t\t\t<div class=\"elementor-element elementor-element-5673aed elementor-widget elementor-widget-heading\" data-id=\"5673aed\" data-element_type=\"widget\" data-e-type=\"widget\" data-widget_type=\"heading.default\">\n\t\t\t\t<div class=\"elementor-widget-container\">\n\t\t\t\t\t<h2 class=\"elementor-heading-title elementor-size-default\">Meaning of logo <span style=\"color: #005dac\">SATA<\/span><\/h2>\t\t\t\t<\/div>\n\t\t\t\t<\/div>\n\t\t\t\t\t<\/div>\n\t\t\t\t<\/div>\n\t\t<div class=\"elementor-element elementor-element-d2706c1 e-grid e-con-boxed e-con e-parent\" data-id=\"d2706c1\" data-element_type=\"container\" data-e-type=\"container\">\n\t\t\t\t\t<div class=\"e-con-inner\">\n\t\t<div class=\"elementor-element elementor-element-526db57 e-grid e-con-full e-con e-child\" data-id=\"526db57\" data-element_type=\"container\" data-e-type=\"container\">\n\t\t\t\t<div class=\"elementor-element elementor-element-9f9bd5e elementor-widget elementor-widget-heading\" data-id=\"9f9bd5e\" data-element_type=\"widget\" data-e-type=\"widget\" data-widget_type=\"heading.default\">\n\t\t\t\t<div class=\"elementor-widget-container\">\n\t\t\t\t\t<h4 class=\"elementor-heading-title elementor-size-default\">About SATA logo<\/h4>\t\t\t\t<\/div>\n\t\t\t\t<\/div>\n\t\t\t\t<div class=\"elementor-element elementor-element-870568d elementor-widget elementor-widget-text-editor\" data-id=\"870568d\" data-element_type=\"widget\" data-e-type=\"widget\" data-widget_type=\"text-editor.default\">\n\t\t\t\t<div class=\"elementor-widget-container\">\n\t\t\t\t\t\t\t\t\t<p>The logo is inspired by the image of handshakes and warm hugs, expressing the unity of the SATA team. Each member of the team is an extended arm, reaching out day by day to soon realize SATA&#039;s global mission. The design details are shaped and developed to create a spherical shape on the outside - symbolizing the global nature of the brand, while cleverly incorporating the letter S inside - the first letter of the SATA brand name. It is thanks to the unity and cooperation right from the first steps like that, that will be the foundation for the team to go far and constantly rise in the market.<\/p><p>The SATA logo is not simply an identification mark, but a visual declaration of the corporate cultural identity: Creativity - Speed of execution - Proactivity. The stylized S symbol with soft curves evokes the continuous flow of energy, symbolizing the spirit of constant innovation and flexibility in thinking. The combination of two blue colors - dark blue and light blue - represents the harmony between a solid foundation and the desire to break through. The word &quot;SATA&quot; with its strong, clear structure is the embodiment of decisiveness, initiative and readiness to lead. The overall logo conveys a strong message: SATA is an organization of people who dare to think differently, act quickly and are always ready to master any challenge.<\/p>\t\t\t\t\t\t\t\t<\/div>\n\t\t\t\t<\/div>\n\t\t\t\t<\/div>\n\t\t\t\t<div class=\"elementor-element elementor-element-625f08d elementor-widget elementor-widget-image\" data-id=\"625f08d\" data-element_type=\"widget\" data-e-type=\"widget\" data-widget_type=\"image.default\">\n\t\t\t\t<div class=\"elementor-widget-container\">\n\t\t\t\t\t\t\t\t\t\t\t\t\t\t\t<img fetchpriority=\"high\" decoding=\"async\" width=\"1024\" height=\"1024\" src=\"https:\/\/sataglobal.com.vn\/wp-content\/uploads\/2025\/05\/Phien-ban-moi-cua-logo-SATA-1x1-1-1024x1024.png\" class=\"attachment-large size-large wp-image-2639\" alt=\"Phi\u00ean b\u1ea3n m\u1edbi c\u1ee7a logo SATA\" srcset=\"https:\/\/sataglobal.com.vn\/wp-content\/uploads\/2025\/05\/Phien-ban-moi-cua-logo-SATA-1x1-1-1024x1024.png 1024w, https:\/\/sataglobal.com.vn\/wp-content\/uploads\/2025\/05\/Phien-ban-moi-cua-logo-SATA-1x1-1-300x300.png 300w, https:\/\/sataglobal.com.vn\/wp-content\/uploads\/2025\/05\/Phien-ban-moi-cua-logo-SATA-1x1-1-150x150.png 150w, https:\/\/sataglobal.com.vn\/wp-content\/uploads\/2025\/05\/Phien-ban-moi-cua-logo-SATA-1x1-1-768x768.png 768w, https:\/\/sataglobal.com.vn\/wp-content\/uploads\/2025\/05\/Phien-ban-moi-cua-logo-SATA-1x1-1.png 1080w\" sizes=\"(max-width: 1024px) 100vw, 1024px\" \/>\t\t\t\t\t\t\t\t\t\t\t\t\t\t\t<\/div>\n\t\t\t\t<\/div>\n\t\t\t\t\t<\/div>\n\t\t\t\t<\/div>\n\t\t<div class=\"elementor-element elementor-element-176fc6c e-flex e-con-boxed e-con e-parent\" data-id=\"176fc6c\" data-element_type=\"container\" data-e-type=\"container\">\n\t\t\t\t\t<div class=\"e-con-inner\">\n\t\t<div class=\"elementor-element elementor-element-4067725 e-grid e-con-full e-con e-child\" data-id=\"4067725\" data-element_type=\"container\" data-e-type=\"container\">\n\t\t<div class=\"elementor-element elementor-element-a3c6808 e-grid e-con-full e-con e-child\" data-id=\"a3c6808\" data-element_type=\"container\" data-e-type=\"container\">\n\t\t\t\t<div class=\"elementor-element elementor-element-00cb79e elementor-widget elementor-widget-heading\" data-id=\"00cb79e\" data-element_type=\"widget\" data-e-type=\"widget\" data-widget_type=\"heading.default\">\n\t\t\t\t<div class=\"elementor-widget-container\">\n\t\t\t\t\t<h4 class=\"elementor-heading-title elementor-size-default\">Color of SATA logo<\/h4>\t\t\t\t<\/div>\n\t\t\t\t<\/div>\n\t\t\t\t<div class=\"elementor-element elementor-element-6cca396 elementor-widget elementor-widget-heading\" data-id=\"6cca396\" data-element_type=\"widget\" data-e-type=\"widget\" data-widget_type=\"heading.default\">\n\t\t\t\t<div class=\"elementor-widget-container\">\n\t\t\t\t\t<h5 class=\"elementor-heading-title elementor-size-default\">Color version logo<\/h5>\t\t\t\t<\/div>\n\t\t\t\t<\/div>\n\t\t\t\t<div class=\"elementor-element elementor-element-2afeae5 elementor-widget elementor-widget-text-editor\" data-id=\"2afeae5\" data-element_type=\"widget\" data-e-type=\"widget\" data-widget_type=\"text-editor.default\">\n\t\t\t\t<div class=\"elementor-widget-container\">\n\t\t\t\t\t\t\t\t\t<p>The primary color version of the logo is preferred for use throughout media publications, advertisements, and printed products.<\/p>\t\t\t\t\t\t\t\t<\/div>\n\t\t\t\t<\/div>\n\t\t\t\t<\/div>\n\t\t\t\t<div class=\"elementor-element elementor-element-30ef929 elementor-widget elementor-widget-image\" data-id=\"30ef929\" data-element_type=\"widget\" data-e-type=\"widget\" data-widget_type=\"image.default\">\n\t\t\t\t<div class=\"elementor-widget-container\">\n\t\t\t\t\t\t\t\t\t\t\t\t\t\t\t<img decoding=\"async\" width=\"1024\" height=\"683\" src=\"https:\/\/sataglobal.com.vn\/wp-content\/uploads\/2025\/05\/Logo-SATA-phien-ban-mau-1024x683.png\" class=\"attachment-large size-large wp-image-3079\" alt=\"Logo SATA phi\u00ean b\u1ea3n m\u00e0u\" srcset=\"https:\/\/sataglobal.com.vn\/wp-content\/uploads\/2025\/05\/Logo-SATA-phien-ban-mau-1024x683.png 1024w, https:\/\/sataglobal.com.vn\/wp-content\/uploads\/2025\/05\/Logo-SATA-phien-ban-mau-300x200.png 300w, https:\/\/sataglobal.com.vn\/wp-content\/uploads\/2025\/05\/Logo-SATA-phien-ban-mau-768x512.png 768w, https:\/\/sataglobal.com.vn\/wp-content\/uploads\/2025\/05\/Logo-SATA-phien-ban-mau.png 1080w\" sizes=\"(max-width: 1024px) 100vw, 1024px\" \/>\t\t\t\t\t\t\t\t\t\t\t\t\t\t\t<\/div>\n\t\t\t\t<\/div>\n\t\t\t\t<\/div>\n\t\t<div class=\"elementor-element elementor-element-97880d2 e-grid e-con-full e-con e-child\" data-id=\"97880d2\" data-element_type=\"container\" data-e-type=\"container\">\n\t\t<div class=\"elementor-element elementor-element-ee32d42 e-grid e-con-full e-con e-child\" data-id=\"ee32d42\" data-element_type=\"container\" data-e-type=\"container\">\n\t\t\t\t<div class=\"elementor-element elementor-element-7e5de0a elementor-widget elementor-widget-heading\" data-id=\"7e5de0a\" data-element_type=\"widget\" data-e-type=\"widget\" data-widget_type=\"heading.default\">\n\t\t\t\t<div class=\"elementor-widget-container\">\n\t\t\t\t\t<h5 class=\"elementor-heading-title elementor-size-default\">Logo black and white version<\/h5>\t\t\t\t<\/div>\n\t\t\t\t<\/div>\n\t\t\t\t<div class=\"elementor-element elementor-element-d396acd elementor-widget elementor-widget-text-editor\" data-id=\"d396acd\" data-element_type=\"widget\" data-e-type=\"widget\" data-widget_type=\"text-editor.default\">\n\t\t\t\t<div class=\"elementor-widget-container\">\n\t\t\t\t\t\t\t\t\t<p>In some cases, when the main color Signature version placed on a colored background is not prominent enough or to optimize production costs, the Black and White version of the logo is allowed to be used.<\/p><ul><li>Signature Black version is used when placed on light colored background.<\/li><li>The White Signature version is used when placed on a dark background.<\/li><\/ul><p>Note: Do not overuse the Black and White version of the logo unless absolutely necessary. Using the main color version of the logo is always preferred.<\/p>\t\t\t\t\t\t\t\t<\/div>\n\t\t\t\t<\/div>\n\t\t\t\t<\/div>\n\t\t\t\t<div class=\"elementor-element elementor-element-f961783 elementor-widget elementor-widget-image\" data-id=\"f961783\" data-element_type=\"widget\" data-e-type=\"widget\" data-widget_type=\"image.default\">\n\t\t\t\t<div class=\"elementor-widget-container\">\n\t\t\t\t\t\t\t\t\t\t\t\t\t\t\t<img decoding=\"async\" width=\"1024\" height=\"683\" src=\"https:\/\/sataglobal.com.vn\/wp-content\/uploads\/2025\/05\/Logo-SATA-phien-ban-trang-den-1024x683.png\" class=\"attachment-large size-large wp-image-3080\" alt=\"Logo SATA phi\u00ean b\u1ea3n tr\u1eafng - \u0111en\" srcset=\"https:\/\/sataglobal.com.vn\/wp-content\/uploads\/2025\/05\/Logo-SATA-phien-ban-trang-den-1024x683.png 1024w, https:\/\/sataglobal.com.vn\/wp-content\/uploads\/2025\/05\/Logo-SATA-phien-ban-trang-den-300x200.png 300w, https:\/\/sataglobal.com.vn\/wp-content\/uploads\/2025\/05\/Logo-SATA-phien-ban-trang-den-768x512.png 768w, https:\/\/sataglobal.com.vn\/wp-content\/uploads\/2025\/05\/Logo-SATA-phien-ban-trang-den.png 1080w\" sizes=\"(max-width: 1024px) 100vw, 1024px\" \/>\t\t\t\t\t\t\t\t\t\t\t\t\t\t\t<\/div>\n\t\t\t\t<\/div>\n\t\t\t\t<\/div>\n\t\t<div class=\"elementor-element elementor-element-53b8d70 e-grid e-con-full e-con e-child\" data-id=\"53b8d70\" data-element_type=\"container\" data-e-type=\"container\">\n\t\t<div class=\"elementor-element elementor-element-b54c91c e-grid e-con-full e-con e-child\" data-id=\"b54c91c\" data-element_type=\"container\" data-e-type=\"container\">\n\t\t\t\t<div class=\"elementor-element elementor-element-e060bc0 elementor-widget elementor-widget-heading\" data-id=\"e060bc0\" data-element_type=\"widget\" data-e-type=\"widget\" data-widget_type=\"heading.default\">\n\t\t\t\t<div class=\"elementor-widget-container\">\n\t\t\t\t\t<h5 class=\"elementor-heading-title elementor-size-default\">Logo on colored background<\/h5>\t\t\t\t<\/div>\n\t\t\t\t<\/div>\n\t\t\t\t<div class=\"elementor-element elementor-element-1d6ab89 elementor-widget elementor-widget-text-editor\" data-id=\"1d6ab89\" data-element_type=\"widget\" data-e-type=\"widget\" data-widget_type=\"text-editor.default\">\n\t\t\t\t<div class=\"elementor-widget-container\">\n\t\t\t\t\t\t\t\t\t<p>The primary color version of the logo is preferred for use throughout media publications, advertisements, and printed products.<\/p>\t\t\t\t\t\t\t\t<\/div>\n\t\t\t\t<\/div>\n\t\t\t\t<\/div>\n\t\t\t\t<div class=\"elementor-element elementor-element-7997b24 elementor-widget elementor-widget-image\" data-id=\"7997b24\" data-element_type=\"widget\" data-e-type=\"widget\" data-widget_type=\"image.default\">\n\t\t\t\t<div class=\"elementor-widget-container\">\n\t\t\t\t\t\t\t\t\t\t\t\t\t\t\t<img loading=\"lazy\" decoding=\"async\" width=\"1024\" height=\"683\" src=\"https:\/\/sataglobal.com.vn\/wp-content\/uploads\/2025\/05\/Logo-SATA-tren-sac-do-nen-mau-1024x683.png\" class=\"attachment-large size-large wp-image-3078\" alt=\"Logo SATA tr\u00ean s\u1eafc \u0111\u1ed9 n\u1ec1n m\u00e0u\" srcset=\"https:\/\/sataglobal.com.vn\/wp-content\/uploads\/2025\/05\/Logo-SATA-tren-sac-do-nen-mau-1024x683.png 1024w, https:\/\/sataglobal.com.vn\/wp-content\/uploads\/2025\/05\/Logo-SATA-tren-sac-do-nen-mau-300x200.png 300w, https:\/\/sataglobal.com.vn\/wp-content\/uploads\/2025\/05\/Logo-SATA-tren-sac-do-nen-mau-768x512.png 768w, https:\/\/sataglobal.com.vn\/wp-content\/uploads\/2025\/05\/Logo-SATA-tren-sac-do-nen-mau.png 1080w\" sizes=\"(max-width: 1024px) 100vw, 1024px\" \/>\t\t\t\t\t\t\t\t\t\t\t\t\t\t\t<\/div>\n\t\t\t\t<\/div>\n\t\t\t\t<\/div>\n\t\t\t\t\t<\/div>\n\t\t\t\t<\/div>\n\t\t\t\t<\/div>","protected":false},"excerpt":{"rendered":"<p>\u00dd ngh\u0129a c\u1ee7a logo SATA Gi\u1edbi thi\u1ec7u v\u1ec1 logo SATA Logo \u0111\u01b0\u1ee3c truy\u1ec1n c\u1ea3m h\u1ee9ng t\u1eeb h\u00ecnh \u1ea3nh nh\u1eefng c\u00e1i b\u1eaft tay, nh\u1eefng c\u00e1i \u00f4m n\u1ed3ng \u1ea5m th\u1ec3 hi\u1ec7n s\u1ef1 \u0111\u1ed3ng l\u00f2ng chung s\u1ee9c c\u1ee7a \u0111\u1ed9i ng\u0169 SATA. M\u1ed7i th\u00e0nh vi\u00ean trong \u0111\u1ed9i ng\u0169 \u0111\u1ec1u l\u00e0 m\u1ed9t c\u00e1nh tay n\u1ed1i d\u00e0i, ng\u00e0y m\u1ed9t v\u01b0\u01a1n m\u00ecnh [&hellip;]<\/p>\n","protected":false},"author":1,"featured_media":0,"parent":0,"menu_order":0,"comment_status":"closed","ping_status":"closed","template":"","meta":{"footnotes":""},"class_list":["post-2461","page","type-page","status-publish","hentry"],"blocksy_meta":[],"yoast_head":"<!-- This site is optimized with the Yoast SEO plugin v27.6 - https:\/\/yoast.com\/product\/yoast-seo-wordpress\/ -->\n<title>\u00dd ngh\u0129a c\u1ee7a logo SATA - SATA GLOBAL<\/title>\n<meta name=\"robots\" content=\"index, follow, max-snippet:-1, max-image-preview:large, max-video-preview:-1\" \/>\n<link rel=\"canonical\" href=\"https:\/\/sataglobal.com.vn\/en\/y-nghia-cua-logo-sata\/\" \/>\n<meta property=\"og:locale\" content=\"en_US\" \/>\n<meta property=\"og:type\" content=\"article\" \/>\n<meta property=\"og:title\" content=\"\u00dd ngh\u0129a c\u1ee7a logo SATA - SATA GLOBAL\" \/>\n<meta property=\"og:description\" content=\"\u00dd ngh\u0129a c\u1ee7a logo SATA Gi\u1edbi thi\u1ec7u v\u1ec1 logo SATA Logo \u0111\u01b0\u1ee3c truy\u1ec1n c\u1ea3m h\u1ee9ng t\u1eeb h\u00ecnh \u1ea3nh nh\u1eefng c\u00e1i b\u1eaft tay, nh\u1eefng c\u00e1i \u00f4m n\u1ed3ng \u1ea5m th\u1ec3 hi\u1ec7n s\u1ef1 \u0111\u1ed3ng l\u00f2ng chung s\u1ee9c c\u1ee7a \u0111\u1ed9i ng\u0169 SATA. M\u1ed7i th\u00e0nh vi\u00ean trong \u0111\u1ed9i ng\u0169 \u0111\u1ec1u l\u00e0 m\u1ed9t c\u00e1nh tay n\u1ed1i d\u00e0i, ng\u00e0y m\u1ed9t v\u01b0\u01a1n m\u00ecnh [&hellip;]\" \/>\n<meta property=\"og:url\" content=\"https:\/\/sataglobal.com.vn\/en\/y-nghia-cua-logo-sata\/\" \/>\n<meta property=\"og:site_name\" content=\"SATA GLOBAL\" \/>\n<meta property=\"article:modified_time\" content=\"2025-05-04T19:59:44+00:00\" \/>\n<meta property=\"og:image\" content=\"https:\/\/sataglobal.com.vn\/wp-content\/uploads\/2025\/05\/Phien-ban-moi-cua-logo-SATA-1x1-1.png\" \/>\n\t<meta property=\"og:image:width\" content=\"1080\" \/>\n\t<meta property=\"og:image:height\" content=\"1080\" \/>\n\t<meta property=\"og:image:type\" content=\"image\/png\" \/>\n<meta name=\"twitter:card\" content=\"summary_large_image\" \/>\n<meta name=\"twitter:label1\" content=\"Est. reading time\" \/>\n\t<meta name=\"twitter:data1\" content=\"2 minutes\" \/>\n<script type=\"application\/ld+json\" class=\"yoast-schema-graph\">{\"@context\":\"https:\\\/\\\/schema.org\",\"@graph\":[{\"@type\":\"WebPage\",\"@id\":\"https:\\\/\\\/sataglobal.com.vn\\\/y-nghia-cua-logo-sata\\\/\",\"url\":\"https:\\\/\\\/sataglobal.com.vn\\\/y-nghia-cua-logo-sata\\\/\",\"name\":\"\u00dd ngh\u0129a c\u1ee7a logo SATA - SATA GLOBAL\",\"isPartOf\":{\"@id\":\"https:\\\/\\\/sataglobal.com.vn\\\/#website\"},\"primaryImageOfPage\":{\"@id\":\"https:\\\/\\\/sataglobal.com.vn\\\/y-nghia-cua-logo-sata\\\/#primaryimage\"},\"image\":{\"@id\":\"https:\\\/\\\/sataglobal.com.vn\\\/y-nghia-cua-logo-sata\\\/#primaryimage\"},\"thumbnailUrl\":\"https:\\\/\\\/sataglobal.com.vn\\\/wp-content\\\/uploads\\\/2025\\\/05\\\/Phien-ban-moi-cua-logo-SATA-1x1-1-1024x1024.png\",\"datePublished\":\"2025-05-02T10:39:39+00:00\",\"dateModified\":\"2025-05-04T19:59:44+00:00\",\"breadcrumb\":{\"@id\":\"https:\\\/\\\/sataglobal.com.vn\\\/y-nghia-cua-logo-sata\\\/#breadcrumb\"},\"inLanguage\":\"en-US\",\"potentialAction\":[{\"@type\":\"ReadAction\",\"target\":[\"https:\\\/\\\/sataglobal.com.vn\\\/y-nghia-cua-logo-sata\\\/\"]}]},{\"@type\":\"ImageObject\",\"inLanguage\":\"en-US\",\"@id\":\"https:\\\/\\\/sataglobal.com.vn\\\/y-nghia-cua-logo-sata\\\/#primaryimage\",\"url\":\"https:\\\/\\\/sataglobal.com.vn\\\/wp-content\\\/uploads\\\/2025\\\/05\\\/Phien-ban-moi-cua-logo-SATA-1x1-1-1024x1024.png\",\"contentUrl\":\"https:\\\/\\\/sataglobal.com.vn\\\/wp-content\\\/uploads\\\/2025\\\/05\\\/Phien-ban-moi-cua-logo-SATA-1x1-1-1024x1024.png\"},{\"@type\":\"BreadcrumbList\",\"@id\":\"https:\\\/\\\/sataglobal.com.vn\\\/y-nghia-cua-logo-sata\\\/#breadcrumb\",\"itemListElement\":[{\"@type\":\"ListItem\",\"position\":1,\"name\":\"Trang ch\u1ee7\",\"item\":\"https:\\\/\\\/sataglobal.com.vn\\\/\"},{\"@type\":\"ListItem\",\"position\":2,\"name\":\"\u00dd ngh\u0129a c\u1ee7a logo SATA\"}]},{\"@type\":\"WebSite\",\"@id\":\"https:\\\/\\\/sataglobal.com.vn\\\/#website\",\"url\":\"https:\\\/\\\/sataglobal.com.vn\\\/\",\"name\":\"SATA GLOBAL\",\"description\":\"\",\"publisher\":{\"@id\":\"https:\\\/\\\/sataglobal.com.vn\\\/#organization\"},\"potentialAction\":[{\"@type\":\"SearchAction\",\"target\":{\"@type\":\"EntryPoint\",\"urlTemplate\":\"https:\\\/\\\/sataglobal.com.vn\\\/?s={search_term_string}\"},\"query-input\":{\"@type\":\"PropertyValueSpecification\",\"valueRequired\":true,\"valueName\":\"search_term_string\"}}],\"inLanguage\":\"en-US\"},{\"@type\":\"Organization\",\"@id\":\"https:\\\/\\\/sataglobal.com.vn\\\/#organization\",\"name\":\"SATA GLOBAL\",\"url\":\"https:\\\/\\\/sataglobal.com.vn\\\/\",\"logo\":{\"@type\":\"ImageObject\",\"inLanguage\":\"en-US\",\"@id\":\"https:\\\/\\\/sataglobal.com.vn\\\/#\\\/schema\\\/logo\\\/image\\\/\",\"url\":\"https:\\\/\\\/sataglobal.com.vn\\\/wp-content\\\/uploads\\\/2025\\\/04\\\/SATA-Signature-phien-ban-chinh-scaled.png\",\"contentUrl\":\"https:\\\/\\\/sataglobal.com.vn\\\/wp-content\\\/uploads\\\/2025\\\/04\\\/SATA-Signature-phien-ban-chinh-scaled.png\",\"width\":2560,\"height\":964,\"caption\":\"SATA GLOBAL\"},\"image\":{\"@id\":\"https:\\\/\\\/sataglobal.com.vn\\\/#\\\/schema\\\/logo\\\/image\\\/\"}}]}<\/script>\n<!-- \/ Yoast SEO plugin. -->","yoast_head_json":{"title":"\u00dd ngh\u0129a c\u1ee7a logo SATA - SATA GLOBAL","robots":{"index":"index","follow":"follow","max-snippet":"max-snippet:-1","max-image-preview":"max-image-preview:large","max-video-preview":"max-video-preview:-1"},"canonical":"https:\/\/sataglobal.com.vn\/en\/y-nghia-cua-logo-sata\/","og_locale":"en_US","og_type":"article","og_title":"\u00dd ngh\u0129a c\u1ee7a logo SATA - SATA GLOBAL","og_description":"\u00dd ngh\u0129a c\u1ee7a logo SATA Gi\u1edbi thi\u1ec7u v\u1ec1 logo SATA Logo \u0111\u01b0\u1ee3c truy\u1ec1n c\u1ea3m h\u1ee9ng t\u1eeb h\u00ecnh \u1ea3nh nh\u1eefng c\u00e1i b\u1eaft tay, nh\u1eefng c\u00e1i \u00f4m n\u1ed3ng \u1ea5m th\u1ec3 hi\u1ec7n s\u1ef1 \u0111\u1ed3ng l\u00f2ng chung s\u1ee9c c\u1ee7a \u0111\u1ed9i ng\u0169 SATA. M\u1ed7i th\u00e0nh vi\u00ean trong \u0111\u1ed9i ng\u0169 \u0111\u1ec1u l\u00e0 m\u1ed9t c\u00e1nh tay n\u1ed1i d\u00e0i, ng\u00e0y m\u1ed9t v\u01b0\u01a1n m\u00ecnh [&hellip;]","og_url":"https:\/\/sataglobal.com.vn\/en\/y-nghia-cua-logo-sata\/","og_site_name":"SATA GLOBAL","article_modified_time":"2025-05-04T19:59:44+00:00","og_image":[{"width":1080,"height":1080,"url":"https:\/\/sataglobal.com.vn\/wp-content\/uploads\/2025\/05\/Phien-ban-moi-cua-logo-SATA-1x1-1.png","type":"image\/png"}],"twitter_card":"summary_large_image","twitter_misc":{"Est. reading time":"2 minutes"},"schema":{"@context":"https:\/\/schema.org","@graph":[{"@type":"WebPage","@id":"https:\/\/sataglobal.com.vn\/y-nghia-cua-logo-sata\/","url":"https:\/\/sataglobal.com.vn\/y-nghia-cua-logo-sata\/","name":"\u00dd ngh\u0129a c\u1ee7a logo SATA - SATA GLOBAL","isPartOf":{"@id":"https:\/\/sataglobal.com.vn\/#website"},"primaryImageOfPage":{"@id":"https:\/\/sataglobal.com.vn\/y-nghia-cua-logo-sata\/#primaryimage"},"image":{"@id":"https:\/\/sataglobal.com.vn\/y-nghia-cua-logo-sata\/#primaryimage"},"thumbnailUrl":"https:\/\/sataglobal.com.vn\/wp-content\/uploads\/2025\/05\/Phien-ban-moi-cua-logo-SATA-1x1-1-1024x1024.png","datePublished":"2025-05-02T10:39:39+00:00","dateModified":"2025-05-04T19:59:44+00:00","breadcrumb":{"@id":"https:\/\/sataglobal.com.vn\/y-nghia-cua-logo-sata\/#breadcrumb"},"inLanguage":"en-US","potentialAction":[{"@type":"ReadAction","target":["https:\/\/sataglobal.com.vn\/y-nghia-cua-logo-sata\/"]}]},{"@type":"ImageObject","inLanguage":"en-US","@id":"https:\/\/sataglobal.com.vn\/y-nghia-cua-logo-sata\/#primaryimage","url":"https:\/\/sataglobal.com.vn\/wp-content\/uploads\/2025\/05\/Phien-ban-moi-cua-logo-SATA-1x1-1-1024x1024.png","contentUrl":"https:\/\/sataglobal.com.vn\/wp-content\/uploads\/2025\/05\/Phien-ban-moi-cua-logo-SATA-1x1-1-1024x1024.png"},{"@type":"BreadcrumbList","@id":"https:\/\/sataglobal.com.vn\/y-nghia-cua-logo-sata\/#breadcrumb","itemListElement":[{"@type":"ListItem","position":1,"name":"Trang ch\u1ee7","item":"https:\/\/sataglobal.com.vn\/"},{"@type":"ListItem","position":2,"name":"\u00dd ngh\u0129a c\u1ee7a logo SATA"}]},{"@type":"WebSite","@id":"https:\/\/sataglobal.com.vn\/#website","url":"https:\/\/sataglobal.com.vn\/","name":"SATA GLOBAL","description":"","publisher":{"@id":"https:\/\/sataglobal.com.vn\/#organization"},"potentialAction":[{"@type":"SearchAction","target":{"@type":"EntryPoint","urlTemplate":"https:\/\/sataglobal.com.vn\/?s={search_term_string}"},"query-input":{"@type":"PropertyValueSpecification","valueRequired":true,"valueName":"search_term_string"}}],"inLanguage":"en-US"},{"@type":"Organization","@id":"https:\/\/sataglobal.com.vn\/#organization","name":"SATA GLOBAL","url":"https:\/\/sataglobal.com.vn\/","logo":{"@type":"ImageObject","inLanguage":"en-US","@id":"https:\/\/sataglobal.com.vn\/#\/schema\/logo\/image\/","url":"https:\/\/sataglobal.com.vn\/wp-content\/uploads\/2025\/04\/SATA-Signature-phien-ban-chinh-scaled.png","contentUrl":"https:\/\/sataglobal.com.vn\/wp-content\/uploads\/2025\/04\/SATA-Signature-phien-ban-chinh-scaled.png","width":2560,"height":964,"caption":"SATA GLOBAL"},"image":{"@id":"https:\/\/sataglobal.com.vn\/#\/schema\/logo\/image\/"}}]}},"_links":{"self":[{"href":"https:\/\/sataglobal.com.vn\/en\/wp-json\/wp\/v2\/pages\/2461","targetHints":{"allow":["GET"]}}],"collection":[{"href":"https:\/\/sataglobal.com.vn\/en\/wp-json\/wp\/v2\/pages"}],"about":[{"href":"https:\/\/sataglobal.com.vn\/en\/wp-json\/wp\/v2\/types\/page"}],"author":[{"embeddable":true,"href":"https:\/\/sataglobal.com.vn\/en\/wp-json\/wp\/v2\/users\/1"}],"replies":[{"embeddable":true,"href":"https:\/\/sataglobal.com.vn\/en\/wp-json\/wp\/v2\/comments?post=2461"}],"version-history":[{"count":20,"href":"https:\/\/sataglobal.com.vn\/en\/wp-json\/wp\/v2\/pages\/2461\/revisions"}],"predecessor-version":[{"id":3083,"href":"https:\/\/sataglobal.com.vn\/en\/wp-json\/wp\/v2\/pages\/2461\/revisions\/3083"}],"wp:attachment":[{"href":"https:\/\/sataglobal.com.vn\/en\/wp-json\/wp\/v2\/media?parent=2461"}],"curies":[{"name":"wp","href":"https:\/\/api.w.org\/{rel}","templated":true}]}}