{"id":2461,"date":"2025-05-02T17:39:39","date_gmt":"2025-05-02T10:39:39","guid":{"rendered":"https:\/\/sataglobal.com.vn\/?page_id=2461"},"modified":"2025-05-05T02:59:44","modified_gmt":"2025-05-04T19:59:44","slug":"y-nghia-cua-logo-sata","status":"publish","type":"page","link":"https:\/\/sataglobal.com.vn\/vi\/y-nghia-cua-logo-sata\/","title":{"rendered":"\u00dd ngh\u0129a c\u1ee7a logo SATA"},"content":{"rendered":"\t\t<div data-elementor-type=\"wp-page\" data-elementor-id=\"2461\" class=\"elementor elementor-2461\">\n\t\t\t\t<div class=\"elementor-element elementor-element-bb945f5 e-flex e-con-boxed e-con e-parent\" data-id=\"bb945f5\" data-element_type=\"container\" data-e-type=\"container\">\n\t\t\t\t\t<div class=\"e-con-inner\">\n\t\t\t\t<div class=\"elementor-element elementor-element-5673aed elementor-widget elementor-widget-heading\" data-id=\"5673aed\" data-element_type=\"widget\" data-e-type=\"widget\" data-widget_type=\"heading.default\">\n\t\t\t\t<div class=\"elementor-widget-container\">\n\t\t\t\t\t<h2 class=\"elementor-heading-title elementor-size-default\">\u00dd ngh\u0129a c\u1ee7a logo <span style=\"color: #005dac\">SATA<\/span><\/h2>\t\t\t\t<\/div>\n\t\t\t\t<\/div>\n\t\t\t\t\t<\/div>\n\t\t\t\t<\/div>\n\t\t<div class=\"elementor-element elementor-element-d2706c1 e-grid e-con-boxed e-con e-parent\" data-id=\"d2706c1\" data-element_type=\"container\" data-e-type=\"container\">\n\t\t\t\t\t<div class=\"e-con-inner\">\n\t\t<div class=\"elementor-element elementor-element-526db57 e-grid e-con-full e-con e-child\" data-id=\"526db57\" data-element_type=\"container\" data-e-type=\"container\">\n\t\t\t\t<div class=\"elementor-element elementor-element-9f9bd5e elementor-widget elementor-widget-heading\" data-id=\"9f9bd5e\" data-element_type=\"widget\" data-e-type=\"widget\" data-widget_type=\"heading.default\">\n\t\t\t\t<div class=\"elementor-widget-container\">\n\t\t\t\t\t<h4 class=\"elementor-heading-title elementor-size-default\">Gi\u1edbi thi\u1ec7u v\u1ec1 logo SATA<\/h4>\t\t\t\t<\/div>\n\t\t\t\t<\/div>\n\t\t\t\t<div class=\"elementor-element elementor-element-870568d elementor-widget elementor-widget-text-editor\" data-id=\"870568d\" data-element_type=\"widget\" data-e-type=\"widget\" data-widget_type=\"text-editor.default\">\n\t\t\t\t<div class=\"elementor-widget-container\">\n\t\t\t\t\t\t\t\t\t<p>Logo \u0111\u01b0\u1ee3c truy\u1ec1n c\u1ea3m h\u1ee9ng t\u1eeb h\u00ecnh \u1ea3nh nh\u1eefng c\u00e1i b\u1eaft tay, nh\u1eefng c\u00e1i \u00f4m n\u1ed3ng \u1ea5m th\u1ec3 hi\u1ec7n s\u1ef1 \u0111\u1ed3ng l\u00f2ng chung s\u1ee9c c\u1ee7a \u0111\u1ed9i ng\u0169 SATA. M\u1ed7i th\u00e0nh vi\u00ean trong \u0111\u1ed9i ng\u0169 \u0111\u1ec1u l\u00e0 m\u1ed9t c\u00e1nh tay n\u1ed1i d\u00e0i, ng\u00e0y m\u1ed9t v\u01b0\u01a1n m\u00ecnh \u0111\u1ec3 s\u1edbm hi\u1ec7n th\u1ef1c ho\u00e1 s\u1ee9 m\u1ec7nh to\u00e0n c\u1ea7u c\u1ee7a SATA. C\u00e1c chi ti\u1ebft thi\u1ebft k\u1ebf \u0111\u01b0\u1ee3c t\u1ea1o h\u00ecnh, ph\u00e1t tri\u1ec3n \u0111\u1ec3 v\u1eeba t\u1ea1o ra shape h\u00ecnh c\u1ea7u b\u00ean ngo\u00e0i &#8211; t\u01b0\u1ee3ng tr\u01b0ng cho t\u00ednh to\u00e0n c\u1ea7u c\u1ee7a th\u01b0\u01a1ng hi\u1ec7u, v\u1eeba kh\u00e9o l\u00e9o l\u1ed3ng gh\u00e9p ch\u1eef S v\u00e0o trong &#8211; l\u00e0 ch\u1eef c\u00e1i \u0111\u1ea7u ti\u00ean c\u1ee7a t\u00ean th\u01b0\u01a1ng hi\u1ec7u SATA. Ch\u00ednh nh\u1edd s\u1ef1 \u0111\u1ed3ng l\u00f2ng, chung tay ngay t\u1eeb nh\u1eefng b\u01b0\u1edbc \u0111i \u0111\u1ea7u ti\u00ean nh\u01b0 th\u1ebf, s\u1ebd l\u00e0m n\u1ec1n t\u1ea3ng \u0111\u1ec3 \u0111\u01b0a \u0111\u1ed9i ng\u0169 \u0111i xa v\u00e0 v\u01b0\u01a1n cao kh\u00f4ng ng\u1eebng tr\u00ean th\u1ecb tr\u01b0\u1eddng.<\/p><p>Logo c\u1ee7a SATA kh\u00f4ng \u0111\u01a1n thu\u1ea7n l\u00e0 m\u1ed9t d\u1ea5u hi\u1ec7u nh\u1eadn di\u1ec7n, m\u00e0 l\u00e0 tuy\u00ean ng\u00f4n tr\u1ef1c quan cho b\u1ea3n s\u1eafc v\u0103n h\u00f3a doanh nghi\u1ec7p: S\u00e1ng t\u1ea1o \u2013 Th\u1ef1c thi t\u1ed1c \u0111\u1ed9 \u2013 Ch\u1ee7 \u0111\u1ed9ng. Bi\u1ec3u t\u01b0\u1ee3ng ch\u1eef S c\u00e1ch \u0111i\u1ec7u v\u1edbi \u0111\u01b0\u1eddng cong m\u1ec1m m\u1ea1i g\u1ee3i l\u00ean d\u00f2ng ch\u1ea3y n\u0103ng l\u01b0\u1ee3ng li\u00ean t\u1ee5c, t\u01b0\u1ee3ng tr\u01b0ng cho tinh th\u1ea7n \u0111\u1ed5i m\u1edbi kh\u00f4ng ng\u1eebng v\u00e0 s\u1ef1 linh ho\u1ea1t trong t\u01b0 duy. S\u1ef1 k\u1ebft h\u1ee3p gi\u1eefa hai s\u1eafc xanh \u2013 xanh d\u01b0\u01a1ng \u0111\u1eadm v\u00e0 xanh s\u00e1ng \u2013 th\u1ec3 hi\u1ec7n s\u1ef1 dung h\u00f2a gi\u1eefa n\u1ec1n t\u1ea3ng v\u1eefng ch\u1eafc v\u00e0 kh\u00e1t v\u1ecdng b\u1ee9t ph\u00e1. Ph\u1ea7n ch\u1eef &#8220;SATA&#8221; v\u1edbi c\u1ea5u tr\u00fac m\u1ea1nh m\u1ebd, r\u00f5 n\u00e9t, l\u00e0 hi\u1ec7n th\u00e2n c\u1ee7a s\u1ef1 quy\u1ebft \u0111o\u00e1n, ch\u1ee7 \u0111\u1ed9ng v\u00e0 s\u1eb5n s\u00e0ng d\u1eabn \u0111\u1ea7u. T\u1ed5ng th\u1ec3 logo truy\u1ec1n t\u1ea3i m\u1ed9t th\u00f4ng \u0111i\u1ec7p m\u1ea1nh m\u1ebd: SATA l\u00e0 t\u1ed5 ch\u1ee9c c\u1ee7a nh\u1eefng con ng\u01b0\u1eddi d\u00e1m ngh\u0129 kh\u00e1c bi\u1ec7t, h\u00e0nh \u0111\u1ed9ng t\u1ed1c \u0111\u1ed9 v\u00e0 lu\u00f4n s\u1eb5n s\u00e0ng l\u00e0m ch\u1ee7 m\u1ecdi th\u1eed th\u00e1ch.<\/p>\t\t\t\t\t\t\t\t<\/div>\n\t\t\t\t<\/div>\n\t\t\t\t<\/div>\n\t\t\t\t<div class=\"elementor-element elementor-element-625f08d elementor-widget elementor-widget-image\" data-id=\"625f08d\" data-element_type=\"widget\" data-e-type=\"widget\" data-widget_type=\"image.default\">\n\t\t\t\t<div class=\"elementor-widget-container\">\n\t\t\t\t\t\t\t\t\t\t\t\t\t\t\t<img fetchpriority=\"high\" decoding=\"async\" width=\"1024\" height=\"1024\" src=\"https:\/\/sataglobal.com.vn\/wp-content\/uploads\/2025\/05\/Phien-ban-moi-cua-logo-SATA-1x1-1-1024x1024.png\" class=\"attachment-large size-large wp-image-2639\" alt=\"Phi\u00ean b\u1ea3n m\u1edbi c\u1ee7a logo SATA\" srcset=\"https:\/\/sataglobal.com.vn\/wp-content\/uploads\/2025\/05\/Phien-ban-moi-cua-logo-SATA-1x1-1-1024x1024.png 1024w, https:\/\/sataglobal.com.vn\/wp-content\/uploads\/2025\/05\/Phien-ban-moi-cua-logo-SATA-1x1-1-300x300.png 300w, https:\/\/sataglobal.com.vn\/wp-content\/uploads\/2025\/05\/Phien-ban-moi-cua-logo-SATA-1x1-1-150x150.png 150w, https:\/\/sataglobal.com.vn\/wp-content\/uploads\/2025\/05\/Phien-ban-moi-cua-logo-SATA-1x1-1-768x768.png 768w, https:\/\/sataglobal.com.vn\/wp-content\/uploads\/2025\/05\/Phien-ban-moi-cua-logo-SATA-1x1-1.png 1080w\" sizes=\"(max-width: 1024px) 100vw, 1024px\" \/>\t\t\t\t\t\t\t\t\t\t\t\t\t\t\t<\/div>\n\t\t\t\t<\/div>\n\t\t\t\t\t<\/div>\n\t\t\t\t<\/div>\n\t\t<div class=\"elementor-element elementor-element-176fc6c e-flex e-con-boxed e-con e-parent\" data-id=\"176fc6c\" data-element_type=\"container\" data-e-type=\"container\">\n\t\t\t\t\t<div class=\"e-con-inner\">\n\t\t<div class=\"elementor-element elementor-element-4067725 e-grid e-con-full e-con e-child\" data-id=\"4067725\" data-element_type=\"container\" data-e-type=\"container\">\n\t\t<div class=\"elementor-element elementor-element-a3c6808 e-grid e-con-full e-con e-child\" data-id=\"a3c6808\" data-element_type=\"container\" data-e-type=\"container\">\n\t\t\t\t<div class=\"elementor-element elementor-element-00cb79e elementor-widget elementor-widget-heading\" data-id=\"00cb79e\" data-element_type=\"widget\" data-e-type=\"widget\" data-widget_type=\"heading.default\">\n\t\t\t\t<div class=\"elementor-widget-container\">\n\t\t\t\t\t<h4 class=\"elementor-heading-title elementor-size-default\">M\u00e0u s\u1eafc c\u1ee7a logo SATA<\/h4>\t\t\t\t<\/div>\n\t\t\t\t<\/div>\n\t\t\t\t<div class=\"elementor-element elementor-element-6cca396 elementor-widget elementor-widget-heading\" data-id=\"6cca396\" data-element_type=\"widget\" data-e-type=\"widget\" data-widget_type=\"heading.default\">\n\t\t\t\t<div class=\"elementor-widget-container\">\n\t\t\t\t\t<h5 class=\"elementor-heading-title elementor-size-default\">Logo phi\u00ean b\u1ea3n m\u00e0u<\/h5>\t\t\t\t<\/div>\n\t\t\t\t<\/div>\n\t\t\t\t<div class=\"elementor-element elementor-element-2afeae5 elementor-widget elementor-widget-text-editor\" data-id=\"2afeae5\" data-element_type=\"widget\" data-e-type=\"widget\" data-widget_type=\"text-editor.default\">\n\t\t\t\t<div class=\"elementor-widget-container\">\n\t\t\t\t\t\t\t\t\t<p>Logo phi\u00ean b\u1ea3n m\u00e0u ch\u00ednh \u0111\u01b0\u1ee3c \u01b0u ti\u00ean s\u1eed d\u1ee5ng xuy\u00ean su\u1ed1t tr\u00ean c\u00e1c \u1ea5n ph\u1ea9m truy\u1ec1n th\u00f4ng, qu\u1ea3ng c\u00e1o c\u0169ng nh\u01b0 l\u00e0 s\u1ea3n ph\u1ea9m in \u1ea5n.<\/p>\t\t\t\t\t\t\t\t<\/div>\n\t\t\t\t<\/div>\n\t\t\t\t<\/div>\n\t\t\t\t<div class=\"elementor-element elementor-element-30ef929 elementor-widget elementor-widget-image\" data-id=\"30ef929\" data-element_type=\"widget\" data-e-type=\"widget\" data-widget_type=\"image.default\">\n\t\t\t\t<div class=\"elementor-widget-container\">\n\t\t\t\t\t\t\t\t\t\t\t\t\t\t\t<img decoding=\"async\" width=\"1024\" height=\"683\" src=\"https:\/\/sataglobal.com.vn\/wp-content\/uploads\/2025\/05\/Logo-SATA-phien-ban-mau-1024x683.png\" class=\"attachment-large size-large wp-image-3079\" alt=\"Logo SATA phi\u00ean b\u1ea3n m\u00e0u\" srcset=\"https:\/\/sataglobal.com.vn\/wp-content\/uploads\/2025\/05\/Logo-SATA-phien-ban-mau-1024x683.png 1024w, https:\/\/sataglobal.com.vn\/wp-content\/uploads\/2025\/05\/Logo-SATA-phien-ban-mau-300x200.png 300w, https:\/\/sataglobal.com.vn\/wp-content\/uploads\/2025\/05\/Logo-SATA-phien-ban-mau-768x512.png 768w, https:\/\/sataglobal.com.vn\/wp-content\/uploads\/2025\/05\/Logo-SATA-phien-ban-mau.png 1080w\" sizes=\"(max-width: 1024px) 100vw, 1024px\" \/>\t\t\t\t\t\t\t\t\t\t\t\t\t\t\t<\/div>\n\t\t\t\t<\/div>\n\t\t\t\t<\/div>\n\t\t<div class=\"elementor-element elementor-element-97880d2 e-grid e-con-full e-con e-child\" data-id=\"97880d2\" data-element_type=\"container\" data-e-type=\"container\">\n\t\t<div class=\"elementor-element elementor-element-ee32d42 e-grid e-con-full e-con e-child\" data-id=\"ee32d42\" data-element_type=\"container\" data-e-type=\"container\">\n\t\t\t\t<div class=\"elementor-element elementor-element-7e5de0a elementor-widget elementor-widget-heading\" data-id=\"7e5de0a\" data-element_type=\"widget\" data-e-type=\"widget\" data-widget_type=\"heading.default\">\n\t\t\t\t<div class=\"elementor-widget-container\">\n\t\t\t\t\t<h5 class=\"elementor-heading-title elementor-size-default\">Logo phi\u00ean b\u1ea3n tr\u1eafng - \u0111en<\/h5>\t\t\t\t<\/div>\n\t\t\t\t<\/div>\n\t\t\t\t<div class=\"elementor-element elementor-element-d396acd elementor-widget elementor-widget-text-editor\" data-id=\"d396acd\" data-element_type=\"widget\" data-e-type=\"widget\" data-widget_type=\"text-editor.default\">\n\t\t\t\t<div class=\"elementor-widget-container\">\n\t\t\t\t\t\t\t\t\t<p>Trong m\u1ed9t s\u1ed1 tr\u01b0\u1eddng h\u1ee3p, khi Signature phi\u00ean b\u1ea3n m\u00e0u ch\u00ednh \u0111\u1eb7t tr\u00ean n\u1ec1n m\u00e0u kh\u00f4ng \u0111\u1ee7 n\u1ed5i b\u1eadt ho\u1eb7c \u0111\u1ec3 t\u1ed1i \u01b0u chi ph\u00ed s\u1ea3n xu\u1ea5t, logo phi\u00ean b\u1ea3n Tr\u1eafng &#8211; \u0110en \u0111\u01b0\u1ee3c ph\u00e9p s\u1eed d\u1ee5ng.<\/p><ul><li>Signature phi\u00ean b\u1ea3n \u0110en \u0111\u01b0\u1ee3c s\u1eed d\u1ee5ng khi \u0111\u1eb7t tr\u00ean n\u1ec1n m\u00e0u s\u00e1ng.<\/li><li>Signature phi\u00ean b\u1ea3n Tr\u1eafng \u0111\u01b0\u1ee3c s\u1eed d\u1ee5ng khi \u0111\u1eb7t tr\u00ean n\u1ec1n m\u00e0u t\u1ed1i.<\/li><\/ul><p>L\u01b0u \u00fd: Kh\u00f4ng l\u1ea1m d\u1ee5ng vi\u1ec7c s\u1eed d\u1ee5ng logo phi\u00ean b\u1ea3n Tr\u1eafng &#8211; \u0110en khi kh\u00f4ng th\u1eadt s\u1ef1 c\u1ea7n thi\u1ebft. Vi\u1ec7c s\u1eed d\u1ee5ng logo phi\u00ean b\u1ea3n m\u00e0u ch\u00ednh lu\u00f4n \u0111\u01b0\u1ee3c \u01b0u ti\u00ean nh\u1ea5t.<\/p>\t\t\t\t\t\t\t\t<\/div>\n\t\t\t\t<\/div>\n\t\t\t\t<\/div>\n\t\t\t\t<div class=\"elementor-element elementor-element-f961783 elementor-widget elementor-widget-image\" data-id=\"f961783\" data-element_type=\"widget\" data-e-type=\"widget\" data-widget_type=\"image.default\">\n\t\t\t\t<div class=\"elementor-widget-container\">\n\t\t\t\t\t\t\t\t\t\t\t\t\t\t\t<img decoding=\"async\" width=\"1024\" height=\"683\" src=\"https:\/\/sataglobal.com.vn\/wp-content\/uploads\/2025\/05\/Logo-SATA-phien-ban-trang-den-1024x683.png\" class=\"attachment-large size-large wp-image-3080\" alt=\"Logo SATA phi\u00ean b\u1ea3n tr\u1eafng - \u0111en\" srcset=\"https:\/\/sataglobal.com.vn\/wp-content\/uploads\/2025\/05\/Logo-SATA-phien-ban-trang-den-1024x683.png 1024w, https:\/\/sataglobal.com.vn\/wp-content\/uploads\/2025\/05\/Logo-SATA-phien-ban-trang-den-300x200.png 300w, https:\/\/sataglobal.com.vn\/wp-content\/uploads\/2025\/05\/Logo-SATA-phien-ban-trang-den-768x512.png 768w, https:\/\/sataglobal.com.vn\/wp-content\/uploads\/2025\/05\/Logo-SATA-phien-ban-trang-den.png 1080w\" sizes=\"(max-width: 1024px) 100vw, 1024px\" \/>\t\t\t\t\t\t\t\t\t\t\t\t\t\t\t<\/div>\n\t\t\t\t<\/div>\n\t\t\t\t<\/div>\n\t\t<div class=\"elementor-element elementor-element-53b8d70 e-grid e-con-full e-con e-child\" data-id=\"53b8d70\" data-element_type=\"container\" data-e-type=\"container\">\n\t\t<div class=\"elementor-element elementor-element-b54c91c e-grid e-con-full e-con e-child\" data-id=\"b54c91c\" data-element_type=\"container\" data-e-type=\"container\">\n\t\t\t\t<div class=\"elementor-element elementor-element-e060bc0 elementor-widget elementor-widget-heading\" data-id=\"e060bc0\" data-element_type=\"widget\" data-e-type=\"widget\" data-widget_type=\"heading.default\">\n\t\t\t\t<div class=\"elementor-widget-container\">\n\t\t\t\t\t<h5 class=\"elementor-heading-title elementor-size-default\">Logo tr\u00ean s\u1eafc \u0111\u1ed9 n\u1ec1n m\u00e0u<\/h5>\t\t\t\t<\/div>\n\t\t\t\t<\/div>\n\t\t\t\t<div class=\"elementor-element elementor-element-1d6ab89 elementor-widget elementor-widget-text-editor\" data-id=\"1d6ab89\" data-element_type=\"widget\" data-e-type=\"widget\" data-widget_type=\"text-editor.default\">\n\t\t\t\t<div class=\"elementor-widget-container\">\n\t\t\t\t\t\t\t\t\t<p>Logo phi\u00ean b\u1ea3n m\u00e0u ch\u00ednh \u0111\u01b0\u1ee3c \u01b0u ti\u00ean s\u1eed d\u1ee5ng xuy\u00ean su\u1ed1t tr\u00ean c\u00e1c \u1ea5n ph\u1ea9m truy\u1ec1n th\u00f4ng, qu\u1ea3ng c\u00e1o c\u0169ng nh\u01b0 l\u00e0 s\u1ea3n ph\u1ea9m in \u1ea5n.<\/p>\t\t\t\t\t\t\t\t<\/div>\n\t\t\t\t<\/div>\n\t\t\t\t<\/div>\n\t\t\t\t<div class=\"elementor-element elementor-element-7997b24 elementor-widget elementor-widget-image\" data-id=\"7997b24\" data-element_type=\"widget\" data-e-type=\"widget\" data-widget_type=\"image.default\">\n\t\t\t\t<div class=\"elementor-widget-container\">\n\t\t\t\t\t\t\t\t\t\t\t\t\t\t\t<img loading=\"lazy\" decoding=\"async\" width=\"1024\" height=\"683\" src=\"https:\/\/sataglobal.com.vn\/wp-content\/uploads\/2025\/05\/Logo-SATA-tren-sac-do-nen-mau-1024x683.png\" class=\"attachment-large size-large wp-image-3078\" alt=\"Logo SATA tr\u00ean s\u1eafc \u0111\u1ed9 n\u1ec1n m\u00e0u\" srcset=\"https:\/\/sataglobal.com.vn\/wp-content\/uploads\/2025\/05\/Logo-SATA-tren-sac-do-nen-mau-1024x683.png 1024w, https:\/\/sataglobal.com.vn\/wp-content\/uploads\/2025\/05\/Logo-SATA-tren-sac-do-nen-mau-300x200.png 300w, https:\/\/sataglobal.com.vn\/wp-content\/uploads\/2025\/05\/Logo-SATA-tren-sac-do-nen-mau-768x512.png 768w, https:\/\/sataglobal.com.vn\/wp-content\/uploads\/2025\/05\/Logo-SATA-tren-sac-do-nen-mau.png 1080w\" sizes=\"(max-width: 1024px) 100vw, 1024px\" \/>\t\t\t\t\t\t\t\t\t\t\t\t\t\t\t<\/div>\n\t\t\t\t<\/div>\n\t\t\t\t<\/div>\n\t\t\t\t\t<\/div>\n\t\t\t\t<\/div>\n\t\t\t\t<\/div>\n\t\t","protected":false},"excerpt":{"rendered":"<p>\u00dd ngh\u0129a c\u1ee7a logo SATA Gi\u1edbi thi\u1ec7u v\u1ec1 logo SATA Logo \u0111\u01b0\u1ee3c truy\u1ec1n c\u1ea3m h\u1ee9ng t\u1eeb h\u00ecnh \u1ea3nh nh\u1eefng c\u00e1i b\u1eaft tay, nh\u1eefng c\u00e1i \u00f4m n\u1ed3ng \u1ea5m th\u1ec3 hi\u1ec7n s\u1ef1 \u0111\u1ed3ng l\u00f2ng chung s\u1ee9c c\u1ee7a \u0111\u1ed9i ng\u0169 SATA. M\u1ed7i th\u00e0nh vi\u00ean trong \u0111\u1ed9i ng\u0169 \u0111\u1ec1u l\u00e0 m\u1ed9t c\u00e1nh tay n\u1ed1i d\u00e0i, ng\u00e0y m\u1ed9t v\u01b0\u01a1n m\u00ecnh [&hellip;]<\/p>\n","protected":false},"author":1,"featured_media":0,"parent":0,"menu_order":0,"comment_status":"closed","ping_status":"closed","template":"","meta":{"footnotes":""},"class_list":["post-2461","page","type-page","status-publish","hentry"],"blocksy_meta":[],"yoast_head":"<!-- This site is optimized with the Yoast SEO plugin v27.6 - https:\/\/yoast.com\/product\/yoast-seo-wordpress\/ -->\n<title>\u00dd ngh\u0129a c\u1ee7a logo SATA - SATA GLOBAL<\/title>\n<meta name=\"robots\" content=\"index, follow, max-snippet:-1, max-image-preview:large, max-video-preview:-1\" \/>\n<link rel=\"canonical\" href=\"https:\/\/sataglobal.com.vn\/vi\/y-nghia-cua-logo-sata\/\" \/>\n<meta property=\"og:locale\" content=\"vi_VN\" \/>\n<meta property=\"og:type\" content=\"article\" \/>\n<meta property=\"og:title\" content=\"\u00dd ngh\u0129a c\u1ee7a logo SATA - SATA GLOBAL\" \/>\n<meta property=\"og:description\" content=\"\u00dd ngh\u0129a c\u1ee7a logo SATA Gi\u1edbi thi\u1ec7u v\u1ec1 logo SATA Logo \u0111\u01b0\u1ee3c truy\u1ec1n c\u1ea3m h\u1ee9ng t\u1eeb h\u00ecnh \u1ea3nh nh\u1eefng c\u00e1i b\u1eaft tay, nh\u1eefng c\u00e1i \u00f4m n\u1ed3ng \u1ea5m th\u1ec3 hi\u1ec7n s\u1ef1 \u0111\u1ed3ng l\u00f2ng chung s\u1ee9c c\u1ee7a \u0111\u1ed9i ng\u0169 SATA. M\u1ed7i th\u00e0nh vi\u00ean trong \u0111\u1ed9i ng\u0169 \u0111\u1ec1u l\u00e0 m\u1ed9t c\u00e1nh tay n\u1ed1i d\u00e0i, ng\u00e0y m\u1ed9t v\u01b0\u01a1n m\u00ecnh [&hellip;]\" \/>\n<meta property=\"og:url\" content=\"https:\/\/sataglobal.com.vn\/vi\/y-nghia-cua-logo-sata\/\" \/>\n<meta property=\"og:site_name\" content=\"SATA GLOBAL\" \/>\n<meta property=\"article:modified_time\" content=\"2025-05-04T19:59:44+00:00\" \/>\n<meta property=\"og:image\" content=\"https:\/\/sataglobal.com.vn\/wp-content\/uploads\/2025\/05\/Phien-ban-moi-cua-logo-SATA-1x1-1.png\" \/>\n\t<meta property=\"og:image:width\" content=\"1080\" \/>\n\t<meta property=\"og:image:height\" content=\"1080\" \/>\n\t<meta property=\"og:image:type\" content=\"image\/png\" \/>\n<meta name=\"twitter:card\" content=\"summary_large_image\" \/>\n<meta name=\"twitter:label1\" content=\"\u01af\u1edbc t\u00ednh th\u1eddi gian \u0111\u1ecdc\" \/>\n\t<meta name=\"twitter:data1\" content=\"2 ph\u00fat\" \/>\n<script type=\"application\/ld+json\" class=\"yoast-schema-graph\">{\"@context\":\"https:\\\/\\\/schema.org\",\"@graph\":[{\"@type\":\"WebPage\",\"@id\":\"https:\\\/\\\/sataglobal.com.vn\\\/y-nghia-cua-logo-sata\\\/\",\"url\":\"https:\\\/\\\/sataglobal.com.vn\\\/y-nghia-cua-logo-sata\\\/\",\"name\":\"\u00dd ngh\u0129a c\u1ee7a logo SATA - SATA GLOBAL\",\"isPartOf\":{\"@id\":\"https:\\\/\\\/sataglobal.com.vn\\\/#website\"},\"primaryImageOfPage\":{\"@id\":\"https:\\\/\\\/sataglobal.com.vn\\\/y-nghia-cua-logo-sata\\\/#primaryimage\"},\"image\":{\"@id\":\"https:\\\/\\\/sataglobal.com.vn\\\/y-nghia-cua-logo-sata\\\/#primaryimage\"},\"thumbnailUrl\":\"https:\\\/\\\/sataglobal.com.vn\\\/wp-content\\\/uploads\\\/2025\\\/05\\\/Phien-ban-moi-cua-logo-SATA-1x1-1-1024x1024.png\",\"datePublished\":\"2025-05-02T10:39:39+00:00\",\"dateModified\":\"2025-05-04T19:59:44+00:00\",\"breadcrumb\":{\"@id\":\"https:\\\/\\\/sataglobal.com.vn\\\/y-nghia-cua-logo-sata\\\/#breadcrumb\"},\"inLanguage\":\"vi\",\"potentialAction\":[{\"@type\":\"ReadAction\",\"target\":[\"https:\\\/\\\/sataglobal.com.vn\\\/y-nghia-cua-logo-sata\\\/\"]}]},{\"@type\":\"ImageObject\",\"inLanguage\":\"vi\",\"@id\":\"https:\\\/\\\/sataglobal.com.vn\\\/y-nghia-cua-logo-sata\\\/#primaryimage\",\"url\":\"https:\\\/\\\/sataglobal.com.vn\\\/wp-content\\\/uploads\\\/2025\\\/05\\\/Phien-ban-moi-cua-logo-SATA-1x1-1-1024x1024.png\",\"contentUrl\":\"https:\\\/\\\/sataglobal.com.vn\\\/wp-content\\\/uploads\\\/2025\\\/05\\\/Phien-ban-moi-cua-logo-SATA-1x1-1-1024x1024.png\"},{\"@type\":\"BreadcrumbList\",\"@id\":\"https:\\\/\\\/sataglobal.com.vn\\\/y-nghia-cua-logo-sata\\\/#breadcrumb\",\"itemListElement\":[{\"@type\":\"ListItem\",\"position\":1,\"name\":\"Trang ch\u1ee7\",\"item\":\"https:\\\/\\\/sataglobal.com.vn\\\/\"},{\"@type\":\"ListItem\",\"position\":2,\"name\":\"\u00dd ngh\u0129a c\u1ee7a logo SATA\"}]},{\"@type\":\"WebSite\",\"@id\":\"https:\\\/\\\/sataglobal.com.vn\\\/#website\",\"url\":\"https:\\\/\\\/sataglobal.com.vn\\\/\",\"name\":\"SATA GLOBAL\",\"description\":\"\",\"publisher\":{\"@id\":\"https:\\\/\\\/sataglobal.com.vn\\\/#organization\"},\"potentialAction\":[{\"@type\":\"SearchAction\",\"target\":{\"@type\":\"EntryPoint\",\"urlTemplate\":\"https:\\\/\\\/sataglobal.com.vn\\\/?s={search_term_string}\"},\"query-input\":{\"@type\":\"PropertyValueSpecification\",\"valueRequired\":true,\"valueName\":\"search_term_string\"}}],\"inLanguage\":\"vi\"},{\"@type\":\"Organization\",\"@id\":\"https:\\\/\\\/sataglobal.com.vn\\\/#organization\",\"name\":\"SATA GLOBAL\",\"url\":\"https:\\\/\\\/sataglobal.com.vn\\\/\",\"logo\":{\"@type\":\"ImageObject\",\"inLanguage\":\"vi\",\"@id\":\"https:\\\/\\\/sataglobal.com.vn\\\/#\\\/schema\\\/logo\\\/image\\\/\",\"url\":\"https:\\\/\\\/sataglobal.com.vn\\\/wp-content\\\/uploads\\\/2025\\\/04\\\/SATA-Signature-phien-ban-chinh-scaled.png\",\"contentUrl\":\"https:\\\/\\\/sataglobal.com.vn\\\/wp-content\\\/uploads\\\/2025\\\/04\\\/SATA-Signature-phien-ban-chinh-scaled.png\",\"width\":2560,\"height\":964,\"caption\":\"SATA GLOBAL\"},\"image\":{\"@id\":\"https:\\\/\\\/sataglobal.com.vn\\\/#\\\/schema\\\/logo\\\/image\\\/\"}}]}<\/script>\n<!-- \/ Yoast SEO plugin. -->","yoast_head_json":{"title":"\u00dd ngh\u0129a c\u1ee7a logo SATA - SATA GLOBAL","robots":{"index":"index","follow":"follow","max-snippet":"max-snippet:-1","max-image-preview":"max-image-preview:large","max-video-preview":"max-video-preview:-1"},"canonical":"https:\/\/sataglobal.com.vn\/vi\/y-nghia-cua-logo-sata\/","og_locale":"vi_VN","og_type":"article","og_title":"\u00dd ngh\u0129a c\u1ee7a logo SATA - SATA GLOBAL","og_description":"\u00dd ngh\u0129a c\u1ee7a logo SATA Gi\u1edbi thi\u1ec7u v\u1ec1 logo SATA Logo \u0111\u01b0\u1ee3c truy\u1ec1n c\u1ea3m h\u1ee9ng t\u1eeb h\u00ecnh \u1ea3nh nh\u1eefng c\u00e1i b\u1eaft tay, nh\u1eefng c\u00e1i \u00f4m n\u1ed3ng \u1ea5m th\u1ec3 hi\u1ec7n s\u1ef1 \u0111\u1ed3ng l\u00f2ng chung s\u1ee9c c\u1ee7a \u0111\u1ed9i ng\u0169 SATA. M\u1ed7i th\u00e0nh vi\u00ean trong \u0111\u1ed9i ng\u0169 \u0111\u1ec1u l\u00e0 m\u1ed9t c\u00e1nh tay n\u1ed1i d\u00e0i, ng\u00e0y m\u1ed9t v\u01b0\u01a1n m\u00ecnh [&hellip;]","og_url":"https:\/\/sataglobal.com.vn\/vi\/y-nghia-cua-logo-sata\/","og_site_name":"SATA GLOBAL","article_modified_time":"2025-05-04T19:59:44+00:00","og_image":[{"width":1080,"height":1080,"url":"https:\/\/sataglobal.com.vn\/wp-content\/uploads\/2025\/05\/Phien-ban-moi-cua-logo-SATA-1x1-1.png","type":"image\/png"}],"twitter_card":"summary_large_image","twitter_misc":{"\u01af\u1edbc t\u00ednh th\u1eddi gian \u0111\u1ecdc":"2 ph\u00fat"},"schema":{"@context":"https:\/\/schema.org","@graph":[{"@type":"WebPage","@id":"https:\/\/sataglobal.com.vn\/y-nghia-cua-logo-sata\/","url":"https:\/\/sataglobal.com.vn\/y-nghia-cua-logo-sata\/","name":"\u00dd ngh\u0129a c\u1ee7a logo SATA - SATA GLOBAL","isPartOf":{"@id":"https:\/\/sataglobal.com.vn\/#website"},"primaryImageOfPage":{"@id":"https:\/\/sataglobal.com.vn\/y-nghia-cua-logo-sata\/#primaryimage"},"image":{"@id":"https:\/\/sataglobal.com.vn\/y-nghia-cua-logo-sata\/#primaryimage"},"thumbnailUrl":"https:\/\/sataglobal.com.vn\/wp-content\/uploads\/2025\/05\/Phien-ban-moi-cua-logo-SATA-1x1-1-1024x1024.png","datePublished":"2025-05-02T10:39:39+00:00","dateModified":"2025-05-04T19:59:44+00:00","breadcrumb":{"@id":"https:\/\/sataglobal.com.vn\/y-nghia-cua-logo-sata\/#breadcrumb"},"inLanguage":"vi","potentialAction":[{"@type":"ReadAction","target":["https:\/\/sataglobal.com.vn\/y-nghia-cua-logo-sata\/"]}]},{"@type":"ImageObject","inLanguage":"vi","@id":"https:\/\/sataglobal.com.vn\/y-nghia-cua-logo-sata\/#primaryimage","url":"https:\/\/sataglobal.com.vn\/wp-content\/uploads\/2025\/05\/Phien-ban-moi-cua-logo-SATA-1x1-1-1024x1024.png","contentUrl":"https:\/\/sataglobal.com.vn\/wp-content\/uploads\/2025\/05\/Phien-ban-moi-cua-logo-SATA-1x1-1-1024x1024.png"},{"@type":"BreadcrumbList","@id":"https:\/\/sataglobal.com.vn\/y-nghia-cua-logo-sata\/#breadcrumb","itemListElement":[{"@type":"ListItem","position":1,"name":"Trang ch\u1ee7","item":"https:\/\/sataglobal.com.vn\/"},{"@type":"ListItem","position":2,"name":"\u00dd ngh\u0129a c\u1ee7a logo SATA"}]},{"@type":"WebSite","@id":"https:\/\/sataglobal.com.vn\/#website","url":"https:\/\/sataglobal.com.vn\/","name":"SATA GLOBAL","description":"","publisher":{"@id":"https:\/\/sataglobal.com.vn\/#organization"},"potentialAction":[{"@type":"SearchAction","target":{"@type":"EntryPoint","urlTemplate":"https:\/\/sataglobal.com.vn\/?s={search_term_string}"},"query-input":{"@type":"PropertyValueSpecification","valueRequired":true,"valueName":"search_term_string"}}],"inLanguage":"vi"},{"@type":"Organization","@id":"https:\/\/sataglobal.com.vn\/#organization","name":"SATA GLOBAL","url":"https:\/\/sataglobal.com.vn\/","logo":{"@type":"ImageObject","inLanguage":"vi","@id":"https:\/\/sataglobal.com.vn\/#\/schema\/logo\/image\/","url":"https:\/\/sataglobal.com.vn\/wp-content\/uploads\/2025\/04\/SATA-Signature-phien-ban-chinh-scaled.png","contentUrl":"https:\/\/sataglobal.com.vn\/wp-content\/uploads\/2025\/04\/SATA-Signature-phien-ban-chinh-scaled.png","width":2560,"height":964,"caption":"SATA GLOBAL"},"image":{"@id":"https:\/\/sataglobal.com.vn\/#\/schema\/logo\/image\/"}}]}},"_links":{"self":[{"href":"https:\/\/sataglobal.com.vn\/vi\/wp-json\/wp\/v2\/pages\/2461","targetHints":{"allow":["GET"]}}],"collection":[{"href":"https:\/\/sataglobal.com.vn\/vi\/wp-json\/wp\/v2\/pages"}],"about":[{"href":"https:\/\/sataglobal.com.vn\/vi\/wp-json\/wp\/v2\/types\/page"}],"author":[{"embeddable":true,"href":"https:\/\/sataglobal.com.vn\/vi\/wp-json\/wp\/v2\/users\/1"}],"replies":[{"embeddable":true,"href":"https:\/\/sataglobal.com.vn\/vi\/wp-json\/wp\/v2\/comments?post=2461"}],"version-history":[{"count":20,"href":"https:\/\/sataglobal.com.vn\/vi\/wp-json\/wp\/v2\/pages\/2461\/revisions"}],"predecessor-version":[{"id":3083,"href":"https:\/\/sataglobal.com.vn\/vi\/wp-json\/wp\/v2\/pages\/2461\/revisions\/3083"}],"wp:attachment":[{"href":"https:\/\/sataglobal.com.vn\/vi\/wp-json\/wp\/v2\/media?parent=2461"}],"curies":[{"name":"wp","href":"https:\/\/api.w.org\/{rel}","templated":true}]}}